{"id":1890,"date":"2026-03-26T10:33:24","date_gmt":"2026-03-26T10:33:24","guid":{"rendered":"https:\/\/russell-decoz.crochet.com.pt\/alternative-dispute-resolution\/"},"modified":"2026-03-26T10:33:24","modified_gmt":"2026-03-26T10:33:24","slug":"alternative-dispute-resolution","status":"publish","type":"page","link":"https:\/\/russell-decoz.crochet.com.pt\/fr\/alternative-dispute-resolution\/","title":{"rendered":"Alternative Dispute Resolution"},"content":{"rendered":"\t\t<div data-elementor-type=\"wp-page\" data-elementor-id=\"1890\" class=\"elementor elementor-1890 elementor-1561\">\n\t\t\t\t<div class=\"elementor-element elementor-element-f91d860 e-con-full e-flex e-con e-parent\" data-id=\"f91d860\" data-element_type=\"container\" data-e-type=\"container\" data-settings=\"{&quot;background_background&quot;:&quot;classic&quot;}\">\n\t\t<div class=\"elementor-element elementor-element-0a22c88 e-con-full max-w-5xl e-flex e-con e-child\" data-id=\"0a22c88\" data-element_type=\"container\" data-e-type=\"container\">\n\t\t\t\t<div class=\"elementor-element elementor-element-bcb8405 elementor-widget elementor-widget-heading\" data-id=\"bcb8405\" data-element_type=\"widget\" data-e-type=\"widget\" data-widget_type=\"heading.default\">\n\t\t\t\t\t<h1 class=\"elementor-heading-title elementor-size-default\">Alternative Dispute<br>Resolution<\/h1>\t\t\t\t<\/div>\n\t\t\t\t<\/div>\n\t\t\t\t<\/div>\n\t\t<div class=\"elementor-element elementor-element-141aa52 e-con-full e-flex e-con e-parent\" data-id=\"141aa52\" data-element_type=\"container\" data-e-type=\"container\" data-settings=\"{&quot;background_background&quot;:&quot;classic&quot;}\">\n\t\t<div class=\"elementor-element elementor-element-9d24b6d e-flex e-con-boxed e-con e-child\" data-id=\"9d24b6d\" data-element_type=\"container\" data-e-type=\"container\">\n\t\t\t\t\t<div class=\"e-con-inner\">\n\t\t<div class=\"elementor-element elementor-element-94c12c1 e-con-full animated-slow e-flex elementor-invisible e-con e-child\" data-id=\"94c12c1\" data-element_type=\"container\" data-e-type=\"container\" data-settings=\"{&quot;animation&quot;:&quot;fadeIn&quot;}\">\n\t\t\t\t<div class=\"elementor-element elementor-element-7a8d615 animated-slow elementor-invisible elementor-widget elementor-widget-heading\" data-id=\"7a8d615\" data-element_type=\"widget\" data-e-type=\"widget\" data-settings=\"{&quot;_animation&quot;:&quot;fadeIn&quot;}\" data-widget_type=\"heading.default\">\n\t\t\t\t\t<p class=\"elementor-heading-title elementor-size-default\">In the event of a dispute, the consumer may use a Consumer Dispute Resolution body:<\/p>\t\t\t\t<\/div>\n\t\t<div class=\"elementor-element elementor-element-2162754 e-con-full why-card e-flex e-con e-child\" data-id=\"2162754\" data-element_type=\"container\" data-e-type=\"container\">\n\t\t\t\t<div class=\"elementor-element elementor-element-be56bb5 elementor-widget elementor-widget-text-editor\" data-id=\"be56bb5\" data-element_type=\"widget\" data-e-type=\"widget\" data-widget_type=\"text-editor.default\">\n\t\t\t\t\t\t\t\t\t<div align=\"justify\">Centro de Informa\u00e7\u00e3o, Media\u00e7\u00e3o e Arbitragem de Conflitos de Consumo do Algarve<\/div><div align=\"justify\"><a title=\"http:\/\/www.consumoalgarve.pt\" href=\"http:\/\/www.consumoalgarve.pt\/\" target=\"_blank\" rel=\"noopener noreferrer\"><strong>http:\/\/www.consumoalgarve.pt<\/strong><\/a><\/div>\t\t\t\t\t\t\t\t<\/div>\n\t\t\t\t<\/div>\n\t\t<div class=\"elementor-element elementor-element-4e86ec7 e-con-full why-card e-flex e-con e-child\" data-id=\"4e86ec7\" data-element_type=\"container\" data-e-type=\"container\">\n\t\t\t\t<div class=\"elementor-element elementor-element-119d69c elementor-widget elementor-widget-text-editor\" data-id=\"119d69c\" data-element_type=\"widget\" data-e-type=\"widget\" data-widget_type=\"text-editor.default\">\n\t\t\t\t\t\t\t\t\t<div align=\"justify\">Centro de Arbitragem de Conflitos de Consumo de Lisboa<\/div>\n<div align=\"justify\"><a title=\"http:\/\/www.centroarbitragemlisboa.pt\" href=\"http:\/\/www.centroarbitragemlisboa.pt\/\" target=\"_blank\" rel=\"noopener noreferrer\"><strong>http:\/\/www.centroarbitragemlisboa.pt<\/strong><\/a><\/div>\t\t\t\t\t\t\t\t<\/div>\n\t\t\t\t<\/div>\n\t\t<div class=\"elementor-element elementor-element-6a9c9ee e-con-full why-card e-flex e-con e-child\" data-id=\"6a9c9ee\" data-element_type=\"container\" data-e-type=\"container\">\n\t\t\t\t<div class=\"elementor-element elementor-element-39f8ecd elementor-widget elementor-widget-text-editor\" data-id=\"39f8ecd\" data-element_type=\"widget\" data-e-type=\"widget\" data-widget_type=\"text-editor.default\">\n\t\t\t\t\t\t\t\t\t<div align=\"justify\">Centro de Arbitragem de Conflitos de Consumo do Vale do Ave\/Tribunal Arbitral<\/div>\n<div align=\"justify\"><a title=\"http:\/\/www.triave.pt\" href=\"http:\/\/www.triave.pt\/\" target=\"_blank\" rel=\"noopener noreferrer\"><strong>http:\/\/www.triave.pt<\/strong><\/a><\/div>\t\t\t\t\t\t\t\t<\/div>\n\t\t\t\t<\/div>\n\t\t<div class=\"elementor-element elementor-element-7ec9eaa e-con-full why-card e-flex e-con e-child\" data-id=\"7ec9eaa\" data-element_type=\"container\" data-e-type=\"container\">\n\t\t\t\t<div class=\"elementor-element elementor-element-6a1be05 elementor-widget elementor-widget-text-editor\" data-id=\"6a1be05\" data-element_type=\"widget\" data-e-type=\"widget\" data-widget_type=\"text-editor.default\">\n\t\t\t\t\t\t\t\t\t<div align=\"justify\">CIAB \u2013 Centro de Informa\u00e7\u00e3o, Media\u00e7\u00e3o e Arbitragem de Consumo (Tribunal Arbitral de Consumo)<\/div><div align=\"justify\"><a title=\"http:\/\/www.ciab.pt\/pt\" href=\"http:\/\/www.ciab.pt\/pt\" target=\"_blank\" rel=\"noopener noreferrer\"><strong>http:\/\/www.ciab.pt\/pt<\/strong><\/a><\/div>\n\t\t\t\t\t\t\t\t<\/div>\n\t\t\t\t<\/div>\n\t\t<div class=\"elementor-element elementor-element-ad183dc e-con-full why-card e-flex e-con e-child\" data-id=\"ad183dc\" data-element_type=\"container\" data-e-type=\"container\">\n\t\t\t\t<div class=\"elementor-element elementor-element-622b08c elementor-widget elementor-widget-text-editor\" data-id=\"622b08c\" data-element_type=\"widget\" data-e-type=\"widget\" data-widget_type=\"text-editor.default\">\n\t\t\t\t\t\t\t\t\t<div align=\"justify\">CNIACC \u2013 Centro Nacional de Informa\u00e7\u00e3o e Arbitragem de Conflitos de Consumo<\/div>\n<div align=\"justify\"><a title=\"https:\/\/www.cniacc.pt\/pt\/\" href=\"https:\/\/www.cniacc.pt\/pt\/\" target=\"_blank\" rel=\"noopener noreferrer\"><strong>https:\/\/www.cniacc.pt\/pt\/<\/strong><\/a><\/div>\t\t\t\t\t\t\t\t<\/div>\n\t\t\t\t<\/div>\n\t\t<div class=\"elementor-element elementor-element-d92ce24 e-con-full why-card e-flex e-con e-child\" data-id=\"d92ce24\" data-element_type=\"container\" data-e-type=\"container\">\n\t\t\t\t<div class=\"elementor-element elementor-element-1dbfa6d elementor-widget elementor-widget-text-editor\" data-id=\"1dbfa6d\" data-element_type=\"widget\" data-e-type=\"widget\" data-widget_type=\"text-editor.default\">\n\t\t\t\t\t\t\t\t\t<div align=\"justify\">Centro de Arbitragem de Conflitos de Consumo do Distrito de Coimbra<\/div><div align=\"justify\"><a title=\"http:\/\/www.centrodearbitragemdecoimbra.com\" href=\"http:\/\/www.centrodearbitragemdecoimbra.com\/\" target=\"_blank\" rel=\"noopener noreferrer\"><strong>http:\/\/www.centrodearbitragemdecoimbra.com<\/strong><\/a><\/div>\t\t\t\t\t\t\t\t<\/div>\n\t\t\t\t<\/div>\n\t\t<div class=\"elementor-element elementor-element-0664c64 e-con-full why-card e-flex e-con e-child\" data-id=\"0664c64\" data-element_type=\"container\" data-e-type=\"container\">\n\t\t\t\t<div class=\"elementor-element elementor-element-3918f1c elementor-widget elementor-widget-text-editor\" data-id=\"3918f1c\" data-element_type=\"widget\" data-e-type=\"widget\" data-widget_type=\"text-editor.default\">\n\t\t\t\t\t\t\t\t\t<div align=\"justify\">Centro de Informa\u00e7\u00e3o de Consumo e Arbitragem do Porto<\/div><div align=\"justify\"><a title=\"http:\/\/www.cicap.pt\" href=\"http:\/\/www.cicap.pt\/\" target=\"_blank\" rel=\"noopener noreferrer\"><strong>http:\/\/www.cicap.pt<\/strong><\/a><\/div>\t\t\t\t\t\t\t\t<\/div>\n\t\t\t\t<\/div>\n\t\t<div class=\"elementor-element elementor-element-cd07558 e-con-full why-card e-flex e-con e-child\" data-id=\"cd07558\" data-element_type=\"container\" data-e-type=\"container\">\n\t\t\t\t<div class=\"elementor-element elementor-element-828ea0c elementor-widget elementor-widget-text-editor\" data-id=\"828ea0c\" data-element_type=\"widget\" data-e-type=\"widget\" data-widget_type=\"text-editor.default\">\n\t\t\t\t\t\t\t\t\t<div align=\"justify\">Centro de Arbitragem de Conflitos de Consumo da Madeira<\/div><div align=\"justify\"><a title=\"https:\/\/www.madeira.gov.pt\/cacc\" href=\"https:\/\/www.madeira.gov.pt\/cacc\" target=\"_blank\" rel=\"noopener noreferrer\"><strong>https:\/\/www.madeira.gov.pt\/cacc<\/strong><\/a><\/div>\t\t\t\t\t\t\t\t<\/div>\n\t\t\t\t<\/div>\n\t\t\t\t<div class=\"elementor-element elementor-element-dd6c8e6 elementor-widget elementor-widget-text-editor\" data-id=\"dd6c8e6\" data-element_type=\"widget\" data-e-type=\"widget\" data-widget_type=\"text-editor.default\">\n\t\t\t\t\t\t\t\t\t<div align=\"justify\">More information available in the Consumer Portal&nbsp;<a title=\"http:\/\/www.consumidor.pt\" href=\"http:\/\/www.consumidor.pt\/\" target=\"_blank\" rel=\"noopener noreferrer\">www.consumidor.pt<\/a><\/div>\t\t\t\t\t\t\t\t<\/div>\n\t\t\t\t<\/div>\n\t\t\t\t\t<\/div>\n\t\t\t\t<\/div>\n\t\t\t\t<\/div>\n\t\t\t\t<\/div>\n\t\t","protected":false},"excerpt":{"rendered":"<p>Alternative DisputeResolution In the event of a dispute, the consumer may use a Consumer Dispute Resolution body: Centro de Informa\u00e7\u00e3o, Media\u00e7\u00e3o e Arbitragem de Conflitos de Consumo do Algarvehttp:\/\/www.consumoalgarve.ptCentro de Arbitragem de Conflitos de Consumo de Lisboa http:\/\/www.centroarbitragemlisboa.ptCentro de Arbitragem de Conflitos de Consumo do Vale do Ave\/Tribunal Arbitral http:\/\/www.triave.ptCIAB \u2013 Centro de Informa\u00e7\u00e3o, Media\u00e7\u00e3o [&hellip;]<\/p>\n","protected":false},"author":1,"featured_media":0,"parent":0,"menu_order":0,"comment_status":"closed","ping_status":"closed","template":"elementor_header_footer","meta":{"_acf_changed":false,"footnotes":""},"class_list":["post-1890","page","type-page","status-publish","hentry"],"acf":[],"_links":{"self":[{"href":"https:\/\/russell-decoz.crochet.com.pt\/fr\/wp-json\/wp\/v2\/pages\/1890","targetHints":{"allow":["GET"]}}],"collection":[{"href":"https:\/\/russell-decoz.crochet.com.pt\/fr\/wp-json\/wp\/v2\/pages"}],"about":[{"href":"https:\/\/russell-decoz.crochet.com.pt\/fr\/wp-json\/wp\/v2\/types\/page"}],"author":[{"embeddable":true,"href":"https:\/\/russell-decoz.crochet.com.pt\/fr\/wp-json\/wp\/v2\/users\/1"}],"replies":[{"embeddable":true,"href":"https:\/\/russell-decoz.crochet.com.pt\/fr\/wp-json\/wp\/v2\/comments?post=1890"}],"version-history":[{"count":0,"href":"https:\/\/russell-decoz.crochet.com.pt\/fr\/wp-json\/wp\/v2\/pages\/1890\/revisions"}],"wp:attachment":[{"href":"https:\/\/russell-decoz.crochet.com.pt\/fr\/wp-json\/wp\/v2\/media?parent=1890"}],"curies":[{"name":"wp","href":"https:\/\/api.w.org\/{rel}","templated":true}]}}