{"id":1911,"date":"2026-03-20T10:51:34","date_gmt":"2026-03-20T10:51:34","guid":{"rendered":"https:\/\/russell-decoz.crochet.com.pt\/contact\/"},"modified":"2026-03-20T10:51:34","modified_gmt":"2026-03-20T10:51:34","slug":"contact","status":"publish","type":"page","link":"https:\/\/russell-decoz.crochet.com.pt\/pt-pt\/contact\/","title":{"rendered":"Contact"},"content":{"rendered":"\t\t<div data-elementor-type=\"wp-page\" data-elementor-id=\"1911\" class=\"elementor elementor-1911 elementor-943\">\n\t\t\t\t<div class=\"elementor-element elementor-element-9f210e4 e-con-full e-flex e-con e-parent\" data-id=\"9f210e4\" data-element_type=\"container\" data-e-type=\"container\" data-settings=\"{&quot;background_background&quot;:&quot;classic&quot;}\">\n\t\t<div class=\"elementor-element elementor-element-9c55d01 e-con-full max-w-5xl e-flex e-con e-child\" data-id=\"9c55d01\" data-element_type=\"container\" data-e-type=\"container\">\n\t\t\t\t<div class=\"elementor-element elementor-element-d7be683 elementor-widget elementor-widget-heading\" data-id=\"d7be683\" data-element_type=\"widget\" data-e-type=\"widget\" data-widget_type=\"heading.default\">\n\t\t\t\t\t<span class=\"elementor-heading-title elementor-size-default\">Get In Touch\n<\/span>\t\t\t\t<\/div>\n\t\t\t\t<div class=\"elementor-element elementor-element-155c99a elementor-widget elementor-widget-heading\" data-id=\"155c99a\" data-element_type=\"widget\" data-e-type=\"widget\" data-widget_type=\"heading.default\">\n\t\t\t\t\t<h1 class=\"elementor-heading-title elementor-size-default\">Contact Us<\/h1>\t\t\t\t<\/div>\n\t\t\t\t<\/div>\n\t\t\t\t<\/div>\n\t\t<div class=\"elementor-element elementor-element-adefaba e-flex e-con-boxed e-con e-parent\" data-id=\"adefaba\" data-element_type=\"container\" data-e-type=\"container\" data-settings=\"{&quot;background_background&quot;:&quot;classic&quot;}\">\n\t\t\t\t\t<div class=\"e-con-inner\">\n\t\t<div class=\"elementor-element elementor-element-5f82c54 e-con-full animated-slow e-flex elementor-invisible e-con e-child\" data-id=\"5f82c54\" data-element_type=\"container\" data-e-type=\"container\" data-settings=\"{&quot;background_background&quot;:&quot;classic&quot;,&quot;animation&quot;:&quot;fadeIn&quot;}\">\n\t\t\t\t<div class=\"elementor-element elementor-element-c1b1f7e .tracking-widest elementor-widget elementor-widget-heading\" data-id=\"c1b1f7e\" data-element_type=\"widget\" data-e-type=\"widget\" data-widget_type=\"heading.default\">\n\t\t\t\t\t<span class=\"elementor-heading-title elementor-size-default\">Send Us a Message\n<\/span>\t\t\t\t<\/div>\n\t\t\t\t<div class=\"elementor-element elementor-element-55265de elementor-widget elementor-widget-heading\" data-id=\"55265de\" data-element_type=\"widget\" data-e-type=\"widget\" data-widget_type=\"heading.default\">\n\t\t\t\t\t<h2 class=\"elementor-heading-title elementor-size-default\">How Can We Help?\n<\/h2>\t\t\t\t<\/div>\n\t\t\t\t<div class=\"elementor-element elementor-element-a2699d9 elementor-widget elementor-widget-text-editor\" data-id=\"a2699d9\" data-element_type=\"widget\" data-e-type=\"widget\" data-widget_type=\"text-editor.default\">\n\t\t\t\t\t\t\t\t\t<p>Whether you are looking to buy, sell, or simply have a question about the Algarve property market, our team is here to help. Fill in the form below and we will get back to you as soon as possible.<\/p>\t\t\t\t\t\t\t\t<\/div>\n\t\t\t\t<div class=\"elementor-element elementor-element-bca86db elementor-widget__width-inherit elementor-widget elementor-widget-shortcode\" data-id=\"bca86db\" data-element_type=\"widget\" data-e-type=\"widget\" data-widget_type=\"shortcode.default\">\n\t\t\t\t\t\t\t<div class=\"elementor-shortcode\">\n<div class=\"wpcf7 no-js\" id=\"wpcf7-f1938-o1\" lang=\"pt-PT\" dir=\"ltr\" data-wpcf7-id=\"1938\">\n<div class=\"screen-reader-response\"><p role=\"status\" aria-live=\"polite\" aria-atomic=\"true\"><\/p> <ul><\/ul><\/div>\n<form action=\"\/pt-pt\/wp-json\/wp\/v2\/pages\/1911#wpcf7-f1938-o1\" method=\"post\" class=\"wpcf7-form init\" aria-label=\"Formul\u00e1rio de contacto\" novalidate=\"novalidate\" data-status=\"init\">\n<fieldset class=\"hidden-fields-container\"><input type=\"hidden\" name=\"_wpcf7\" value=\"1938\" \/><input type=\"hidden\" name=\"_wpcf7_version\" value=\"6.1.5\" \/><input type=\"hidden\" name=\"_wpcf7_locale\" value=\"pt_PT\" \/><input type=\"hidden\" name=\"_wpcf7_unit_tag\" value=\"wpcf7-f1938-o1\" \/><input type=\"hidden\" name=\"_wpcf7_container_post\" value=\"0\" \/><input type=\"hidden\" name=\"_wpcf7_posted_data_hash\" value=\"\" \/>\n<\/fieldset>\n<p><span class=\"wpcf7-form-control-wrap\" data-name=\"name\"><input size=\"40\" maxlength=\"400\" class=\"wpcf7-form-control wpcf7-text wpcf7-validates-as-required\" aria-required=\"true\" aria-invalid=\"false\" placeholder=\"Nome *\" value=\"\" type=\"text\" name=\"name\" \/><\/span>\n<\/p>\n<p><span class=\"wpcf7-form-control-wrap\" data-name=\"your-email\"><input size=\"40\" maxlength=\"400\" class=\"wpcf7-form-control wpcf7-email wpcf7-validates-as-required wpcf7-text wpcf7-validates-as-email\" aria-required=\"true\" aria-invalid=\"false\" placeholder=\"Endere\u00e7o de E-mail *\" value=\"\" type=\"email\" name=\"your-email\" \/><\/span><br \/>\n<span class=\"wpcf7-form-control-wrap\" data-name=\"your-phone\"><input size=\"40\" maxlength=\"400\" class=\"wpcf7-form-control wpcf7-tel wpcf7-text wpcf7-validates-as-tel\" aria-invalid=\"false\" placeholder=\"N\u00famero de Telefone\" value=\"\" type=\"tel\" name=\"your-phone\" \/><\/span>\n<\/p>\n<p><span class=\"wpcf7-form-control-wrap\" data-name=\"your-subject\"><select class=\"wpcf7-form-control wpcf7-select wpcf7-validates-as-required\" aria-required=\"true\" aria-invalid=\"false\" name=\"your-subject\"><option value=\"Selecione um assunto\u2026\">Selecione um assunto\u2026<\/option><option value=\"Procuro comprar um im\u00f3vel\">Procuro comprar um im\u00f3vel<\/option><option value=\"Gostaria de vender o meu im\u00f3vel\">Gostaria de vender o meu im\u00f3vel<\/option><option value=\"Solicitar uma avalia\u00e7\u00e3o de im\u00f3vel\">Solicitar uma avalia\u00e7\u00e3o de im\u00f3vel<\/option><option value=\"Pedido de informa\u00e7\u00e3o geral\">Pedido de informa\u00e7\u00e3o geral<\/option><option value=\"Coment\u00e1rios e sugest\u00f5es\">Coment\u00e1rios e sugest\u00f5es<\/option><option value=\"Outro\">Outro<\/option><\/select><\/span>\n<\/p>\n<p><span class=\"wpcf7-form-control-wrap\" data-name=\"property-ref\"><input size=\"40\" maxlength=\"400\" class=\"wpcf7-form-control wpcf7-text\" aria-invalid=\"false\" placeholder=\"Refer\u00eancia do Im\u00f3vel (opcional)\" value=\"\" type=\"text\" name=\"property-ref\" \/><\/span>\n<\/p>\n<p><span class=\"wpcf7-form-control-wrap\" data-name=\"your-message\"><textarea cols=\"40\" rows=\"10\" maxlength=\"2000\" class=\"wpcf7-form-control wpcf7-textarea wpcf7-validates-as-required\" aria-required=\"true\" aria-invalid=\"false\" placeholder=\"Conte-nos mais sobre o que procura\u2026\" name=\"your-message\"><\/textarea><\/span>\n<\/p>\n<p><span class=\"wpcf7-form-control-wrap\" data-name=\"privacy\"><span class=\"wpcf7-form-control wpcf7-acceptance\"><span class=\"wpcf7-list-item\"><label><input type=\"checkbox\" name=\"privacy\" value=\"1\" aria-invalid=\"false\" \/><span class=\"wpcf7-list-item-label\">Concordo que os meus dados sejam armazenados e processados de acordo com a <a href=\"\/privacy-policy\/\">pol\u00edtica de privacidade<\/a>.<\/span><\/label><\/span><\/span><\/span>\n<\/p>\n<p><input class=\"wpcf7-form-control wpcf7-submit has-spinner\" type=\"submit\" value=\"Enviar Mensagem\" \/>\n<\/p><div class=\"wpcf7-response-output\" aria-hidden=\"true\"><\/div>\n<\/form>\n<\/div>\n<\/div>\n\t\t\t\t\t\t<\/div>\n\t\t\t\t<\/div>\n\t\t<div class=\"elementor-element elementor-element-f5edd87 e-con-full animated-slow e-flex elementor-invisible e-con e-child\" data-id=\"f5edd87\" data-element_type=\"container\" data-e-type=\"container\" data-settings=\"{&quot;animation&quot;:&quot;fadeIn&quot;}\">\n\t\t<div class=\"elementor-element elementor-element-5af9848 e-con-full e-flex e-con e-child\" data-id=\"5af9848\" data-element_type=\"container\" data-e-type=\"container\">\n\t\t\t\t<div class=\"elementor-element elementor-element-2880014 .tracking-widest elementor-widget elementor-widget-heading\" data-id=\"2880014\" data-element_type=\"widget\" data-e-type=\"widget\" data-widget_type=\"heading.default\">\n\t\t\t\t\t<span class=\"elementor-heading-title elementor-size-default\">FIND US<\/span>\t\t\t\t<\/div>\n\t\t\t\t<div class=\"elementor-element elementor-element-47400f1 elementor-widget elementor-widget-heading\" data-id=\"47400f1\" data-element_type=\"widget\" data-e-type=\"widget\" data-widget_type=\"heading.default\">\n\t\t\t\t\t<h2 class=\"elementor-heading-title elementor-size-default\">Our Office<\/h2>\t\t\t\t<\/div>\n\t\t\t\t<div class=\"elementor-element elementor-element-e96c9b8 elementor-icon-list--layout-traditional elementor-list-item-link-full_width elementor-widget elementor-widget-icon-list\" data-id=\"e96c9b8\" data-element_type=\"widget\" data-e-type=\"widget\" data-widget_type=\"icon-list.default\">\n\t\t\t\t\t\t\t<ul class=\"elementor-icon-list-items\">\n\t\t\t\t\t\t\t<li class=\"elementor-icon-list-item\">\n\t\t\t\t\t\t\t\t\t\t\t<a href=\"https:\/\/maps.google.com\/maps?ll=37.083237,-7.790713&#038;z=17&#038;t=h&#038;hl=en&#038;gl=PT&#038;mapclient=embed&#038;daddr=Russell%20and%20Decoz%2C%20lda%20Avenida%20Maria%20Lizarda%20Palermo%2C%2043%20Moncarapacho%208700-081%20Olh%C3%A3o@37.0832369,-7.7907128\">\n\n\t\t\t\t\t\t\t\t\t\t\t\t<span class=\"elementor-icon-list-icon\">\n\t\t\t\t\t\t\t<svg aria-hidden=\"true\" class=\"e-font-icon-svg e-fas-map-marker-alt\" viewBox=\"0 0 384 512\" xmlns=\"http:\/\/www.w3.org\/2000\/svg\"><path d=\"M172.268 501.67C26.97 291.031 0 269.413 0 192 0 85.961 85.961 0 192 0s192 85.961 192 192c0 77.413-26.97 99.031-172.268 309.67-9.535 13.774-29.93 13.773-39.464 0zM192 272c44.183 0 80-35.817 80-80s-35.817-80-80-80-80 35.817-80 80 35.817 80 80 80z\"><\/path><\/svg>\t\t\t\t\t\t<\/span>\n\t\t\t\t\t\t\t\t\t\t<span class=\"elementor-icon-list-text\">Avenida Maria Lizardo Palermo, 43A - 8700-081 Moncarapacho, Portugal<\/span>\n\t\t\t\t\t\t\t\t\t\t\t<\/a>\n\t\t\t\t\t\t\t\t\t<\/li>\n\t\t\t\t\t\t<\/ul>\n\t\t\t\t\t\t<\/div>\n\t\t<div class=\"elementor-element elementor-element-112bc7a e-con-full e-flex e-con e-child\" data-id=\"112bc7a\" data-element_type=\"container\" data-e-type=\"container\" data-settings=\"{&quot;background_background&quot;:&quot;classic&quot;}\">\n\t\t\t\t<div class=\"elementor-element elementor-element-7e1d49d elementor-widget elementor-widget-shortcode\" data-id=\"7e1d49d\" data-element_type=\"widget\" data-e-type=\"widget\" data-widget_type=\"shortcode.default\">\n\t\t\t\t\t\t\t<div class=\"elementor-shortcode\">\r\n    <link rel='stylesheet' href='https:\/\/unpkg.com\/leaflet@1.9.4\/dist\/leaflet.css'>\r\n    <style>\r\n      #rd-map-1 {\r\n        width: 100%;\r\n        height: 300px;\r\n        border: 1px solid var(--clr-divider);\r\n        z-index: 0;\r\n        flex-shrink: 0;\r\n      }\r\n      .ct-map-details {\r\n        border: 1px solid var(--clr-divider);\r\n        border-top: none;\r\n        background: var(--clr-card);\r\n        padding: 20px 22px;\r\n        display: flex;\r\n        flex-direction: column;\r\n        gap: 12px;\r\n      }\r\n      .ct-map-detail {\r\n        display: flex;\r\n        align-items: center;\r\n        gap: 10px;\r\n        font-family: var(--ff-secondary);\r\n        font-size: 0.8rem;\r\n        color: var(--color-text);\r\n      }\r\n      .ct-map-detail svg { color: var(--color-primary); flex-shrink: 0; }\r\n      .ct-map-detail a { color: var(--color-text); text-decoration: none; transition: color .2s; }\r\n      .ct-map-detail a:hover { color: var(--color-primary); }\r\n      .ct-map-detail strong { color: var(--color-title); }\r\n      .ct-social { display: flex; gap: 8px; margin-top: 14px; }\r\n      .ct-social__link {\r\n        display: inline-flex;\r\n        align-items: center;\r\n        gap: 6px;\r\n        padding: 8px 14px;\r\n        border: 1px solid var(--clr-divider);\r\n        background: var(--clr-card);\r\n        font-family: var(--ff-secondary);\r\n        font-size: 0.65rem;\r\n        font-weight: 700;\r\n        letter-spacing: .07em;\r\n        text-transform: uppercase;\r\n        color: var(--color-text);\r\n        text-decoration: none;\r\n        transition: border-color .2s, color .2s;\r\n      }\r\n      .ct-social__link:hover { border-color: var(--color-primary); color: var(--color-primary); }\r\n      .leaflet-popup-content-wrapper { border-radius: 0; }\r\n    <\/style>\r\n    <div id='rd-map-1'><\/div>\r\n    <script src='https:\/\/unpkg.com\/leaflet@1.9.4\/dist\/leaflet.js'><\/script>\r\n    <script>\r\n    (function () {\r\n      var LAT      = 37.0833701830868;\r\n      var LNG      = -7.790724613493778;\r\n      var COR_PIN  = '#C91D1D';\r\n\r\n      var map = L.map('rd-map-1', {\r\n        center: [LAT, LNG],\r\n        zoom: 15,\r\n        scrollWheelZoom: false,\r\n        zoomControl: true,\r\n      });\r\n\r\n      L.tileLayer('https:\/\/{s}.tile.openstreetmap.org\/{z}\/{x}\/{y}.png', {\r\n        maxZoom: 19,\r\n        attribution: '&copy; <a href=\"https:\/\/www.openstreetmap.org\/copyright\">OpenStreetMap<\/a> contributors'\r\n      }).addTo(map);\r\n\r\n      var pinIcon = L.divIcon({\r\n        className: '',\r\n        iconSize:    [36, 44],\r\n        iconAnchor:  [18, 44],\r\n        popupAnchor: [0, -48],\r\n        html: '<div style=\"position:relative;width:36px;height:44px;display:flex;align-items:flex-start;justify-content:center;\">'\r\n            + '<div style=\"width:36px;height:36px;background:' + COR_PIN + ';display:flex;align-items:center;justify-content:center;box-shadow:0 3px 14px rgba(0,0,0,.35);clip-path:polygon(0% 0%, 100% 0%, 100% 75%, 55% 75%, 50% 100%, 45% 75%, 0% 75%);\">'\r\n            + '<svg width=\"16\" height=\"16\" viewBox=\"0 0 24 24\" fill=\"none\" stroke=\"white\" stroke-width=\"2.5\">'\r\n            + '<path d=\"M3 9l9-7 9 7v11a2 2 0 01-2 2H5a2 2 0 01-2-2z\"\/>'\r\n            + '<polyline points=\"9 22 9 12 15 12 15 22\"\/>'\r\n            + '<\/svg><\/div><\/div>'\r\n      });\r\n\r\n      var popup = '<div style=\"font-family:Montserrat,sans-serif;min-width:190px;\">'\r\n        + '<div style=\"background:#111827;padding:10px 14px;\">'\r\n        +   '<div style=\"font-size:.58rem;font-weight:700;letter-spacing:.12em;text-transform:uppercase;color:' + COR_PIN + ';margin-bottom:3px;\">AMI 870<\/div>'\r\n        +   '<div style=\"font-family:Cormorant Garamond,serif;font-size:.95rem;color:white;font-weight:400;line-height:1.25;\">Russell &amp; Decoz<\/div>'\r\n        + '<\/div>'\r\n        + '<div style=\"padding:10px 14px;background:white;\">'\r\n        +   '<div style=\"font-size:.72rem;color:#374151;margin-bottom:6px;\">Avenida Maria Lizardo Palermo, 43A<\/div>'\r\n        +   '<a href=\"tel:+351289792785\" style=\"font-size:.72rem;color:' + COR_PIN + ';font-weight:700;text-decoration:none;\">+351 289 792 785<\/a>'\r\n        + '<\/div><\/div>';\r\n\r\n      L.marker([LAT, LNG], { icon: pinIcon })\r\n        .addTo(map)\r\n        .bindPopup(popup, { maxWidth: 240 })\r\n        .openPopup();\r\n    })();\r\n    <\/script>\r\n    <\/div>\n\t\t\t\t\t\t<\/div>\n\t\t\t\t<div class=\"elementor-element elementor-element-fcb0588 elementor-icon-list--layout-traditional elementor-list-item-link-full_width elementor-widget elementor-widget-icon-list\" data-id=\"fcb0588\" data-element_type=\"widget\" data-e-type=\"widget\" data-widget_type=\"icon-list.default\">\n\t\t\t\t\t\t\t<ul class=\"elementor-icon-list-items\">\n\t\t\t\t\t\t\t<li class=\"elementor-icon-list-item\">\n\t\t\t\t\t\t\t\t\t\t\t<a href=\"tel:+351289792785\">\n\n\t\t\t\t\t\t\t\t\t\t\t\t<span class=\"elementor-icon-list-icon\">\n\t\t\t\t\t\t\t<svg xmlns=\"http:\/\/www.w3.org\/2000\/svg\" width=\"19\" height=\"19\" viewBox=\"0 0 19 19\" fill=\"none\"><path d=\"M17.4068 13.2669V15.7669C17.4077 15.999 17.3602 16.2287 17.2672 16.4414C17.1742 16.654 17.0379 16.8449 16.8668 17.0018C16.6958 17.1587 16.4939 17.2781 16.2741 17.3525C16.0542 17.4269 15.8213 17.4545 15.5901 17.4336C13.0258 17.1549 10.5626 16.2787 8.39844 14.8752C6.38496 13.5958 4.67789 11.8887 3.39844 9.87524C1.99009 7.70125 1.11364 5.22607 0.840107 2.65024C0.819283 2.4198 0.84667 2.18754 0.920524 1.96826C0.994379 1.74898 1.11308 1.54748 1.26908 1.37659C1.42508 1.2057 1.61494 1.06917 1.8266 0.975679C2.03825 0.882189 2.26706 0.833795 2.49844 0.833577H4.99844C5.40286 0.829597 5.79493 0.972809 6.10158 1.23652C6.40822 1.50023 6.6085 1.86645 6.66511 2.26691C6.77063 3.06697 6.96632 3.85252 7.24844 4.60858C7.36056 4.90685 7.38483 5.23101 7.31836 5.54264C7.2519 5.85428 7.09749 6.14034 6.87344 6.36691L5.81511 7.42524C7.0014 9.51153 8.72882 11.2389 10.8151 12.4252L11.8734 11.3669C12.1 11.1429 12.3861 10.9885 12.6977 10.922C13.0093 10.8555 13.3335 10.8798 13.6318 10.9919C14.3878 11.274 15.1734 11.4697 15.9734 11.5752C16.3782 11.6324 16.7479 11.8362 17.0122 12.1482C17.2765 12.4601 17.4169 12.8582 17.4068 13.2669Z\" stroke=\"#FABB0F\" stroke-width=\"1.66667\" stroke-linecap=\"round\" stroke-linejoin=\"round\"><\/path><\/svg>\t\t\t\t\t\t<\/span>\n\t\t\t\t\t\t\t\t\t\t<span class=\"elementor-icon-list-text\">+351 289 792 785<\/span>\n\t\t\t\t\t\t\t\t\t\t\t<\/a>\n\t\t\t\t\t\t\t\t\t<\/li>\n\t\t\t\t\t\t\t\t<li class=\"elementor-icon-list-item\">\n\t\t\t\t\t\t\t\t\t\t\t<a href=\"mailto:sales@russell-decoz.com\">\n\n\t\t\t\t\t\t\t\t\t\t\t\t<span class=\"elementor-icon-list-icon\">\n\t\t\t\t\t\t\t<svg aria-hidden=\"true\" class=\"e-font-icon-svg e-fas-envelope\" viewBox=\"0 0 512 512\" xmlns=\"http:\/\/www.w3.org\/2000\/svg\"><path d=\"M502.3 190.8c3.9-3.1 9.7-.2 9.7 4.7V400c0 26.5-21.5 48-48 48H48c-26.5 0-48-21.5-48-48V195.6c0-5 5.7-7.8 9.7-4.7 22.4 17.4 52.1 39.5 154.1 113.6 21.1 15.4 56.7 47.8 92.2 47.6 35.7.3 72-32.8 92.3-47.6 102-74.1 131.6-96.3 154-113.7zM256 320c23.2.4 56.6-29.2 73.4-41.4 132.7-96.3 142.8-104.7 173.4-128.7 5.8-4.5 9.2-11.5 9.2-18.9v-19c0-26.5-21.5-48-48-48H48C21.5 64 0 85.5 0 112v19c0 7.4 3.4 14.3 9.2 18.9 30.6 23.9 40.7 32.4 173.4 128.7 16.8 12.2 50.2 41.8 73.4 41.4z\"><\/path><\/svg>\t\t\t\t\t\t<\/span>\n\t\t\t\t\t\t\t\t\t\t<span class=\"elementor-icon-list-text\">sales@russell-decoz.com<\/span>\n\t\t\t\t\t\t\t\t\t\t\t<\/a>\n\t\t\t\t\t\t\t\t\t<\/li>\n\t\t\t\t\t\t\t\t<li class=\"elementor-icon-list-item\">\n\t\t\t\t\t\t\t\t\t\t\t<span class=\"elementor-icon-list-icon\">\n\t\t\t\t\t\t\t<svg aria-hidden=\"true\" class=\"e-font-icon-svg e-far-clock\" viewBox=\"0 0 512 512\" xmlns=\"http:\/\/www.w3.org\/2000\/svg\"><path d=\"M256 8C119 8 8 119 8 256s111 248 248 248 248-111 248-248S393 8 256 8zm0 448c-110.5 0-200-89.5-200-200S145.5 56 256 56s200 89.5 200 200-89.5 200-200 200zm61.8-104.4l-84.9-61.7c-3.1-2.3-4.9-5.9-4.9-9.7V116c0-6.6 5.4-12 12-12h32c6.6 0 12 5.4 12 12v141.7l66.8 48.6c5.4 3.9 6.5 11.4 2.6 16.8L334.6 349c-3.9 5.3-11.4 6.5-16.8 2.6z\"><\/path><\/svg>\t\t\t\t\t\t<\/span>\n\t\t\t\t\t\t\t\t\t\t<span class=\"elementor-icon-list-text\">Mon\u2013Fri 9:00\u201318:00  |  Sat 10:00\u201314:00<\/span>\n\t\t\t\t\t\t\t\t\t<\/li>\n\t\t\t\t\t\t\t\t<li class=\"elementor-icon-list-item\">\n\t\t\t\t\t\t\t\t\t\t<span class=\"elementor-icon-list-text\">AMI LICENSE: 870<\/span>\n\t\t\t\t\t\t\t\t\t<\/li>\n\t\t\t\t\t\t<\/ul>\n\t\t\t\t\t\t<\/div>\n\t\t\t\t<\/div>\n\t\t\t\t<\/div>\n\t\t<div class=\"elementor-element elementor-element-749d466 e-con-full e-flex e-con e-child\" data-id=\"749d466\" data-element_type=\"container\" data-e-type=\"container\">\n\t\t\t\t<div class=\"elementor-element elementor-element-e1ae21b elementor-widget elementor-widget-button\" data-id=\"e1ae21b\" data-element_type=\"widget\" data-e-type=\"widget\" data-widget_type=\"button.default\">\n\t\t\t\t\t\t\t\t\t\t<a class=\"elementor-button elementor-button-link elementor-size-sm elementor-animation-grow\" href=\"https:\/\/www.instagram.com\/russelldecoz\/\">\n\t\t\t\t\t\t<span class=\"elementor-button-content-wrapper\">\n\t\t\t\t\t\t<span class=\"elementor-button-icon\">\n\t\t\t\t<svg aria-hidden=\"true\" class=\"e-font-icon-svg e-fab-instagram\" viewBox=\"0 0 448 512\" xmlns=\"http:\/\/www.w3.org\/2000\/svg\"><path d=\"M224.1 141c-63.6 0-114.9 51.3-114.9 114.9s51.3 114.9 114.9 114.9S339 319.5 339 255.9 287.7 141 224.1 141zm0 189.6c-41.1 0-74.7-33.5-74.7-74.7s33.5-74.7 74.7-74.7 74.7 33.5 74.7 74.7-33.6 74.7-74.7 74.7zm146.4-194.3c0 14.9-12 26.8-26.8 26.8-14.9 0-26.8-12-26.8-26.8s12-26.8 26.8-26.8 26.8 12 26.8 26.8zm76.1 27.2c-1.7-35.9-9.9-67.7-36.2-93.9-26.2-26.2-58-34.4-93.9-36.2-37-2.1-147.9-2.1-184.9 0-35.8 1.7-67.6 9.9-93.9 36.1s-34.4 58-36.2 93.9c-2.1 37-2.1 147.9 0 184.9 1.7 35.9 9.9 67.7 36.2 93.9s58 34.4 93.9 36.2c37 2.1 147.9 2.1 184.9 0 35.9-1.7 67.7-9.9 93.9-36.2 26.2-26.2 34.4-58 36.2-93.9 2.1-37 2.1-147.8 0-184.8zM398.8 388c-7.8 19.6-22.9 34.7-42.6 42.6-29.5 11.7-99.5 9-132.1 9s-102.7 2.6-132.1-9c-19.6-7.8-34.7-22.9-42.6-42.6-11.7-29.5-9-99.5-9-132.1s-2.6-102.7 9-132.1c7.8-19.6 22.9-34.7 42.6-42.6 29.5-11.7 99.5-9 132.1-9s102.7-2.6 132.1 9c19.6 7.8 34.7 22.9 42.6 42.6 11.7 29.5 9 99.5 9 132.1s2.7 102.7-9 132.1z\"><\/path><\/svg>\t\t\t<\/span>\n\t\t\t\t\t\t\t\t\t<span class=\"elementor-button-text\">INSTAGRAM<\/span>\n\t\t\t\t\t<\/span>\n\t\t\t\t\t<\/a>\n\t\t\t\t\t\t\t\t<\/div>\n\t\t\t\t<div class=\"elementor-element elementor-element-ba92ecd elementor-widget elementor-widget-button\" data-id=\"ba92ecd\" data-element_type=\"widget\" data-e-type=\"widget\" data-widget_type=\"button.default\">\n\t\t\t\t\t\t\t\t\t\t<a class=\"elementor-button elementor-button-link elementor-size-sm elementor-animation-grow\" href=\"https:\/\/www.facebook.com\/RussellDecoz\">\n\t\t\t\t\t\t<span class=\"elementor-button-content-wrapper\">\n\t\t\t\t\t\t<span class=\"elementor-button-icon\">\n\t\t\t\t<svg aria-hidden=\"true\" class=\"e-font-icon-svg e-fab-facebook-f\" viewBox=\"0 0 320 512\" xmlns=\"http:\/\/www.w3.org\/2000\/svg\"><path d=\"M279.14 288l14.22-92.66h-88.91v-60.13c0-25.35 12.42-50.06 52.24-50.06h40.42V6.26S260.43 0 225.36 0c-73.22 0-121.08 44.38-121.08 124.72v70.62H22.89V288h81.39v224h100.17V288z\"><\/path><\/svg>\t\t\t<\/span>\n\t\t\t\t\t\t\t\t\t<span class=\"elementor-button-text\">FACEBOOK<\/span>\n\t\t\t\t\t<\/span>\n\t\t\t\t\t<\/a>\n\t\t\t\t\t\t\t\t<\/div>\n\t\t\t\t<div class=\"elementor-element elementor-element-477f85e elementor-widget elementor-widget-button\" data-id=\"477f85e\" data-element_type=\"widget\" data-e-type=\"widget\" data-widget_type=\"button.default\">\n\t\t\t\t\t\t\t\t\t\t<a class=\"elementor-button elementor-button-link elementor-size-sm elementor-animation-grow\" href=\"https:\/\/www.youtube.com\/channel\/UC8yYH9ZsOnBrFQ6XnmzSoHw\">\n\t\t\t\t\t\t<span class=\"elementor-button-content-wrapper\">\n\t\t\t\t\t\t<span class=\"elementor-button-icon\">\n\t\t\t\t<svg aria-hidden=\"true\" class=\"e-font-icon-svg e-fab-youtube\" viewBox=\"0 0 576 512\" xmlns=\"http:\/\/www.w3.org\/2000\/svg\"><path d=\"M549.655 124.083c-6.281-23.65-24.787-42.276-48.284-48.597C458.781 64 288 64 288 64S117.22 64 74.629 75.486c-23.497 6.322-42.003 24.947-48.284 48.597-11.412 42.867-11.412 132.305-11.412 132.305s0 89.438 11.412 132.305c6.281 23.65 24.787 41.5 48.284 47.821C117.22 448 288 448 288 448s170.78 0 213.371-11.486c23.497-6.321 42.003-24.171 48.284-47.821 11.412-42.867 11.412-132.305 11.412-132.305s0-89.438-11.412-132.305zm-317.51 213.508V175.185l142.739 81.205-142.739 81.201z\"><\/path><\/svg>\t\t\t<\/span>\n\t\t\t\t\t\t\t\t\t<span class=\"elementor-button-text\">YOUTUBE<\/span>\n\t\t\t\t\t<\/span>\n\t\t\t\t\t<\/a>\n\t\t\t\t\t\t\t\t<\/div>\n\t\t\t\t<\/div>\n\t\t\t\t<\/div>\n\t\t\t\t\t<\/div>\n\t\t\t\t<\/div>\n\t\t\t\t<\/div>\n\t\t","protected":false},"excerpt":{"rendered":"<p>Get In Touch Contact Us Send Us a Message How Can We Help? Whether you are looking to buy, sell, or simply have a question about the Algarve property market, our team is here to help. Fill in the form below and we will get back to you as soon as possible. FIND US Our [&hellip;]<\/p>\n","protected":false},"author":1,"featured_media":0,"parent":0,"menu_order":0,"comment_status":"closed","ping_status":"closed","template":"elementor_header_footer","meta":{"_acf_changed":false,"footnotes":""},"class_list":["post-1911","page","type-page","status-publish","hentry"],"acf":[],"_links":{"self":[{"href":"https:\/\/russell-decoz.crochet.com.pt\/pt-pt\/wp-json\/wp\/v2\/pages\/1911","targetHints":{"allow":["GET"]}}],"collection":[{"href":"https:\/\/russell-decoz.crochet.com.pt\/pt-pt\/wp-json\/wp\/v2\/pages"}],"about":[{"href":"https:\/\/russell-decoz.crochet.com.pt\/pt-pt\/wp-json\/wp\/v2\/types\/page"}],"author":[{"embeddable":true,"href":"https:\/\/russell-decoz.crochet.com.pt\/pt-pt\/wp-json\/wp\/v2\/users\/1"}],"replies":[{"embeddable":true,"href":"https:\/\/russell-decoz.crochet.com.pt\/pt-pt\/wp-json\/wp\/v2\/comments?post=1911"}],"version-history":[{"count":0,"href":"https:\/\/russell-decoz.crochet.com.pt\/pt-pt\/wp-json\/wp\/v2\/pages\/1911\/revisions"}],"wp:attachment":[{"href":"https:\/\/russell-decoz.crochet.com.pt\/pt-pt\/wp-json\/wp\/v2\/media?parent=1911"}],"curies":[{"name":"wp","href":"https:\/\/api.w.org\/{rel}","templated":true}]}}